{"id":6,"date":"2021-06-11T12:01:36","date_gmt":"2021-06-11T12:01:36","guid":{"rendered":"http:\/\/neu.jokic-design.com\/?page_id=6"},"modified":"2021-08-11T18:58:26","modified_gmt":"2021-08-11T18:58:26","slug":"ueber-uns","status":"publish","type":"page","link":"https:\/\/jokic-design.com\/en\/ueber-uns","title":{"rendered":"ABOUT US"},"content":{"rendered":"\t\t<div data-elementor-type=\"wp-page\" data-elementor-id=\"6\" class=\"elementor elementor-6\">\n\t\t\t\t\t\t<section class=\"elementor-section elementor-top-section elementor-element elementor-element-7827f169 elementor-section-full_width elementor-section-height-default elementor-section-height-default\" data-id=\"7827f169\" data-element_type=\"section\" data-e-type=\"section\">\n\t\t\t\t\t\t<div class=\"elementor-container elementor-column-gap-default\">\n\t\t\t\t\t<div class=\"elementor-column elementor-col-100 elementor-top-column elementor-element elementor-element-a7788ea\" data-id=\"a7788ea\" data-element_type=\"column\" data-e-type=\"column\">\n\t\t\t<div class=\"elementor-widget-wrap elementor-element-populated\">\n\t\t\t\t\t\t<div class=\"elementor-element elementor-element-1644250d elementor-widget elementor-widget-heading\" data-id=\"1644250d\" data-element_type=\"widget\" data-e-type=\"widget\" data-widget_type=\"heading.default\">\n\t\t\t\t<div class=\"elementor-widget-container\">\n\t\t\t\t\t<h1 class=\"elementor-heading-title elementor-size-default\">\u00dcBER UNS<\/h1>\t\t\t\t<\/div>\n\t\t\t\t<\/div>\n\t\t\t\t\t<\/div>\n\t\t<\/div>\n\t\t\t\t\t<\/div>\n\t\t<\/section>\n\t\t\t\t<section class=\"elementor-section elementor-top-section elementor-element elementor-element-2484f6ca elementor-section-full_width elementor-section-height-min-height elementor-section-items-stretch elementor-section-height-default\" data-id=\"2484f6ca\" data-element_type=\"section\" data-e-type=\"section\">\n\t\t\t\t\t\t<div class=\"elementor-container elementor-column-gap-default\">\n\t\t\t\t\t<div class=\"elementor-column elementor-col-33 elementor-top-column elementor-element elementor-element-191adf0\" data-id=\"191adf0\" data-element_type=\"column\" data-e-type=\"column\">\n\t\t\t<div class=\"elementor-widget-wrap\">\n\t\t\t\t\t\t\t<\/div>\n\t\t<\/div>\n\t\t\t\t<div class=\"elementor-column elementor-col-33 elementor-top-column elementor-element elementor-element-59916a7f\" data-id=\"59916a7f\" data-element_type=\"column\" data-e-type=\"column\">\n\t\t\t<div class=\"elementor-widget-wrap elementor-element-populated\">\n\t\t\t\t\t\t<div class=\"elementor-element elementor-element-3ff6f263 elementor-widget elementor-widget-text-editor\" data-id=\"3ff6f263\" data-element_type=\"widget\" data-e-type=\"widget\" data-widget_type=\"text-editor.default\">\n\t\t\t\t<div class=\"elementor-widget-container\">\n\t\t\t\t\t\t\t\t\t<p><strong>Im Jahre 1986 legten wir den Grundstein f\u00fcr unser Unternehmen und etablierten uns als Konstrukteure auf nationalen und internationalen Messen.\u00a0<\/strong><\/p><p><span style=\"font-weight: 400;\">\u00a0<\/span><\/p><p><span style=\"font-weight: 400;\">Der zunehmende Zeitdruck, dem sich unsere Kunden ausgesetzt sahen, veranlasste uns zus\u00e4tzliche Aufgaben zu \u00fcbernehmen, die wir im Laufe der Jahre so weit ausgebaut haben, dass <a href=\"#\">jokic-design<\/a> inzwischen ein Dienstleistungsunternehmen rund um den Messebau geworden ist.<\/span><\/p><p><span style=\"font-weight: 400;\">\u00a0<\/span><\/p><p><span style=\"font-weight: 400;\">Der Erfolg unseres Unternehmens basiert auf der Einhaltung unserer Vorstellung von professioneller Arbeit:\u00a0<\/span><\/p><p><span style=\"font-weight: 400;\">qualitativ hochwertige Ausf\u00fchrung, zeitgem\u00e4\u00dfes Design, moderne technische Ger\u00e4te bis hin zur schl\u00fcsselfertigen \u00dcbergabe.\u00a0<\/span><\/p><p><span style=\"font-weight: 400;\">\u00a0<\/span><\/p><p><span style=\"font-weight: 400;\">Wir vertrauen auf ein eingespieltes und zuverl\u00e4ssiges Team aus Designern, Architekten, Tischlern, Grafikern, Lageristen, Montageteams und Servicemitarbeitern. Durch unsere langj\u00e4hrige Erfahrung in der Branche garantieren wir Ihnen einen passend auf Sie individuell gestalteten Entwurf und die Visualisierung dessen mit der perfekten Darstellung Ihres Unternehmens.<\/span><\/p><p><span style=\"font-weight: 400;\">\u00a0<\/span><\/p><p><span style=\"font-weight: 400;\">\u00dcber den eigentlichen Standbaus hinaus bieten wir die Abwicklung administrativer Aufgaben. Wir bieten Konzeption, Design und Realisierung, alles aus einer Hand.\u00a0<\/span><\/p><p><span style=\"font-weight: 400;\">\u00a0<\/span><\/p><p><span style=\"font-weight: 400;\">Zus\u00e4tzlich dazu hat der Kunde die M\u00f6glichkeit das Catering w\u00e4hrend der Messelaufzeit nach seinen W\u00fcnschen bei uns zu gestalten. Die Kunden w\u00e4hlen, ob sie einen individuellen, einen konventionellen oder einen Systemstand w\u00fcnschen, ob sie den Stand kaufen oder mieten m\u00f6chten und welche Ausstattung sie sich vorstellen. Sie k\u00f6nnen Ihre ganz eigene individuelle \u201eVisitenkarte\u201c f\u00fcr den Messeauftritt f\u00fcr Ihre G\u00e4ste gestalten, nach Ihren Vorstellungen \u2013 wir helfen Ihnen mit unseren kreativ Konzepten und Strategien schnell und effektiv ihr pers\u00f6nliches Messeziel zu erreichen.<\/span><\/p><div id=\"gtx-trans\" style=\"position: absolute; left: 94px; top: 1367px;\"><div class=\"gtx-trans-icon\">\u00a0<\/div><\/div>\t\t\t\t\t\t\t\t<\/div>\n\t\t\t\t<\/div>\n\t\t\t\t\t<\/div>\n\t\t<\/div>\n\t\t\t\t<div class=\"elementor-column elementor-col-33 elementor-top-column elementor-element elementor-element-2b75716\" data-id=\"2b75716\" data-element_type=\"column\" data-e-type=\"column\">\n\t\t\t<div class=\"elementor-widget-wrap\">\n\t\t\t\t\t\t\t<\/div>\n\t\t<\/div>\n\t\t\t\t\t<\/div>\n\t\t<\/section>\n\t\t\t\t<section class=\"elementor-section elementor-top-section elementor-element elementor-element-2efa09fe elementor-section-full_width elementor-section-height-default elementor-section-height-default\" data-id=\"2efa09fe\" data-element_type=\"section\" data-e-type=\"section\" data-settings=\"{&quot;motion_fx_motion_fx_scrolling&quot;:&quot;yes&quot;,&quot;motion_fx_devices&quot;:[&quot;desktop&quot;,&quot;tablet&quot;,&quot;mobile&quot;]}\">\n\t\t\t\t\t\t<div class=\"elementor-container elementor-column-gap-default\">\n\t\t\t\t\t<div class=\"elementor-column elementor-col-50 elementor-top-column elementor-element elementor-element-3e3a56cb\" data-id=\"3e3a56cb\" data-element_type=\"column\" data-e-type=\"column\">\n\t\t\t<div class=\"elementor-widget-wrap elementor-element-populated\">\n\t\t\t\t\t\t<div class=\"elementor-element elementor-element-22f6afb3 elementor-widget elementor-widget-heading\" data-id=\"22f6afb3\" data-element_type=\"widget\" data-e-type=\"widget\" data-widget_type=\"heading.default\">\n\t\t\t\t<div class=\"elementor-widget-container\">\n\t\t\t\t\t<h4 class=\"elementor-heading-title elementor-size-default\">\"Wir bieten Konzeption, Design und Realisierung, alles aus einer Hand.\u00a0\"<\/h4>\t\t\t\t<\/div>\n\t\t\t\t<\/div>\n\t\t\t\t\t<\/div>\n\t\t<\/div>\n\t\t\t\t<div class=\"elementor-column elementor-col-50 elementor-top-column elementor-element elementor-element-26085f97\" data-id=\"26085f97\" data-element_type=\"column\" data-e-type=\"column\">\n\t\t\t<div class=\"elementor-widget-wrap elementor-element-populated\">\n\t\t\t\t\t\t<div class=\"elementor-element elementor-element-560fc52f elementor-widget-divider--view-line elementor-widget elementor-widget-divider\" data-id=\"560fc52f\" data-element_type=\"widget\" data-e-type=\"widget\" data-settings=\"{&quot;motion_fx_motion_fx_scrolling&quot;:&quot;yes&quot;,&quot;motion_fx_translateX_effect&quot;:&quot;yes&quot;,&quot;motion_fx_translateX_speed&quot;:{&quot;unit&quot;:&quot;px&quot;,&quot;size&quot;:&quot;1.5&quot;,&quot;sizes&quot;:[]},&quot;motion_fx_devices&quot;:[&quot;desktop&quot;,&quot;tablet&quot;],&quot;motion_fx_translateX_affectedRange&quot;:{&quot;unit&quot;:&quot;%&quot;,&quot;size&quot;:&quot;&quot;,&quot;sizes&quot;:{&quot;start&quot;:0,&quot;end&quot;:100}}}\" data-widget_type=\"divider.default\">\n\t\t\t\t<div class=\"elementor-widget-container\">\n\t\t\t\t\t\t\t<div class=\"elementor-divider\">\n\t\t\t<span class=\"elementor-divider-separator\">\n\t\t\t\t\t\t<\/span>\n\t\t<\/div>\n\t\t\t\t\t\t<\/div>\n\t\t\t\t<\/div>\n\t\t\t\t\t<\/div>\n\t\t<\/div>\n\t\t\t\t\t<\/div>\n\t\t<\/section>\n\t\t\t\t<section class=\"elementor-section elementor-top-section elementor-element elementor-element-16f223c0 elementor-section-full_width elementor-section-height-default elementor-section-height-default\" data-id=\"16f223c0\" data-element_type=\"section\" data-e-type=\"section\">\n\t\t\t\t\t\t<div class=\"elementor-container elementor-column-gap-default\">\n\t\t\t\t\t<div class=\"elementor-column elementor-col-50 elementor-top-column elementor-element elementor-element-15bb29cf\" data-id=\"15bb29cf\" data-element_type=\"column\" data-e-type=\"column\">\n\t\t\t<div class=\"elementor-widget-wrap elementor-element-populated\">\n\t\t\t\t\t\t<div class=\"elementor-element elementor-element-4702cd84 elementor-widget-divider--view-line elementor-widget elementor-widget-divider\" data-id=\"4702cd84\" data-element_type=\"widget\" data-e-type=\"widget\" data-settings=\"{&quot;motion_fx_motion_fx_scrolling&quot;:&quot;yes&quot;,&quot;motion_fx_translateX_effect&quot;:&quot;yes&quot;,&quot;motion_fx_translateX_direction&quot;:&quot;negative&quot;,&quot;motion_fx_translateX_speed&quot;:{&quot;unit&quot;:&quot;px&quot;,&quot;size&quot;:&quot;1.5&quot;,&quot;sizes&quot;:[]},&quot;motion_fx_devices&quot;:[&quot;desktop&quot;],&quot;motion_fx_translateX_affectedRange&quot;:{&quot;unit&quot;:&quot;%&quot;,&quot;size&quot;:&quot;&quot;,&quot;sizes&quot;:{&quot;start&quot;:0,&quot;end&quot;:100}}}\" data-widget_type=\"divider.default\">\n\t\t\t\t<div class=\"elementor-widget-container\">\n\t\t\t\t\t\t\t<div class=\"elementor-divider\">\n\t\t\t<span class=\"elementor-divider-separator\">\n\t\t\t\t\t\t<\/span>\n\t\t<\/div>\n\t\t\t\t\t\t<\/div>\n\t\t\t\t<\/div>\n\t\t\t\t\t<\/div>\n\t\t<\/div>\n\t\t\t\t<div class=\"elementor-column elementor-col-50 elementor-top-column elementor-element elementor-element-4a12908\" data-id=\"4a12908\" data-element_type=\"column\" data-e-type=\"column\">\n\t\t\t<div class=\"elementor-widget-wrap elementor-element-populated\">\n\t\t\t\t\t\t<div class=\"elementor-element elementor-element-50bc2be8 elementor-align-right elementor-widget elementor-widget-button\" data-id=\"50bc2be8\" data-element_type=\"widget\" data-e-type=\"widget\" data-widget_type=\"button.default\">\n\t\t\t\t<div class=\"elementor-widget-container\">\n\t\t\t\t\t\t\t\t\t<div class=\"elementor-button-wrapper\">\n\t\t\t\t\t<a class=\"elementor-button elementor-button-link elementor-size-sm\" href=\"#\">\n\t\t\t\t\t\t<span class=\"elementor-button-content-wrapper\">\n\t\t\t\t\t\t\t\t\t<span class=\"elementor-button-text\">Projekte<\/span>\n\t\t\t\t\t<\/span>\n\t\t\t\t\t<\/a>\n\t\t\t\t<\/div>\n\t\t\t\t\t\t\t\t<\/div>\n\t\t\t\t<\/div>\n\t\t\t\t\t<\/div>\n\t\t<\/div>\n\t\t\t\t\t<\/div>\n\t\t<\/section>\n\t\t\t\t<section class=\"elementor-section elementor-top-section elementor-element elementor-element-1176cf8c elementor-section-full_width elementor-section-height-min-height elementor-section-items-stretch elementor-section-height-default\" data-id=\"1176cf8c\" data-element_type=\"section\" data-e-type=\"section\">\n\t\t\t\t\t\t<div class=\"elementor-container elementor-column-gap-default\">\n\t\t\t\t\t<div class=\"elementor-column elementor-col-100 elementor-top-column elementor-element elementor-element-6964144\" data-id=\"6964144\" data-element_type=\"column\" data-e-type=\"column\">\n\t\t\t<div class=\"elementor-widget-wrap elementor-element-populated\">\n\t\t\t\t\t\t<div class=\"elementor-element elementor-element-ed3b408 elementor-grid-3 elementor-grid-tablet-2 elementor-grid-mobile-1 elementor-widget elementor-widget-portfolio\" data-id=\"ed3b408\" data-element_type=\"widget\" data-e-type=\"widget\" data-settings=\"{&quot;columns&quot;:&quot;3&quot;,&quot;columns_tablet&quot;:&quot;2&quot;,&quot;columns_mobile&quot;:&quot;1&quot;,&quot;item_ratio&quot;:{&quot;unit&quot;:&quot;px&quot;,&quot;size&quot;:0.66,&quot;sizes&quot;:[]},&quot;item_gap&quot;:{&quot;unit&quot;:&quot;px&quot;,&quot;size&quot;:&quot;&quot;,&quot;sizes&quot;:[]},&quot;row_gap&quot;:{&quot;unit&quot;:&quot;px&quot;,&quot;size&quot;:&quot;&quot;,&quot;sizes&quot;:[]}}\" data-widget_type=\"portfolio.default\">\n\t\t\t\t<div class=\"elementor-widget-container\">\n\t\t\t\t\t\t\t<div class=\"elementor-portfolio elementor-grid elementor-posts-container\">\n\t\t\t\t<article class=\"elementor-portfolio-item elementor-post  post-1818 post type-post status-publish format-standard has-post-thumbnail hentry category-uncategorized\">\n\t\t\t<a class=\"elementor-post__thumbnail__link\" href=\"https:\/\/jokic-design.com\/en\/mueller-opladen-lazzari\">\n\t\t\t\t<div class=\"elementor-portfolio-item__img elementor-post__thumbnail\">\n\t\t\t<img fetchpriority=\"high\" decoding=\"async\" width=\"2142\" height=\"2560\" src=\"https:\/\/jokic-design.com\/wp-content\/uploads\/2022\/08\/6-scaled.jpg\" class=\"attachment-full size-full wp-image-1837\" alt=\"\" srcset=\"https:\/\/jokic-design.com\/wp-content\/uploads\/2022\/08\/6-scaled.jpg 2142w, https:\/\/jokic-design.com\/wp-content\/uploads\/2022\/08\/6-251x300.jpg 251w, https:\/\/jokic-design.com\/wp-content\/uploads\/2022\/08\/6-857x1024.jpg 857w, https:\/\/jokic-design.com\/wp-content\/uploads\/2022\/08\/6-768x918.jpg 768w, https:\/\/jokic-design.com\/wp-content\/uploads\/2022\/08\/6-1285x1536.jpg 1285w, https:\/\/jokic-design.com\/wp-content\/uploads\/2022\/08\/6-1713x2048.jpg 1713w\" sizes=\"(max-width: 2142px) 100vw, 2142px\" \/>\t\t<\/div>\n\t\t\t\t<div class=\"elementor-portfolio-item__overlay\">\n\t\t\t\t<h3 class=\"elementor-portfolio-item__title\">\n\t\tM\u00fcller Opladen Lazzari\t\t<\/h3>\n\t\t\t\t<\/div>\n\t\t\t\t<\/a>\n\t\t<\/article>\n\t\t\t\t<article class=\"elementor-portfolio-item elementor-post  post-1766 post type-post status-publish format-standard has-post-thumbnail hentry category-uncategorized\">\n\t\t\t<a class=\"elementor-post__thumbnail__link\" href=\"https:\/\/jokic-design.com\/en\/orf-enterprises-film-austria-2\">\n\t\t\t\t<div class=\"elementor-portfolio-item__img elementor-post__thumbnail\">\n\t\t\t<img decoding=\"async\" width=\"842\" height=\"561\" src=\"https:\/\/jokic-design.com\/wp-content\/uploads\/2022\/08\/MIPTV2022-ORF02.jpg\" class=\"attachment-full size-full wp-image-1768\" alt=\"\" srcset=\"https:\/\/jokic-design.com\/wp-content\/uploads\/2022\/08\/MIPTV2022-ORF02.jpg 842w, https:\/\/jokic-design.com\/wp-content\/uploads\/2022\/08\/MIPTV2022-ORF02-300x200.jpg 300w, https:\/\/jokic-design.com\/wp-content\/uploads\/2022\/08\/MIPTV2022-ORF02-768x512.jpg 768w\" sizes=\"(max-width: 842px) 100vw, 842px\" \/>\t\t<\/div>\n\t\t\t\t<div class=\"elementor-portfolio-item__overlay\">\n\t\t\t\t<h3 class=\"elementor-portfolio-item__title\">\n\t\tORF &#8211; Enterprise \/ Film Austria\t\t<\/h3>\n\t\t\t\t<\/div>\n\t\t\t\t<\/a>\n\t\t<\/article>\n\t\t\t\t<article class=\"elementor-portfolio-item elementor-post  post-1754 post type-post status-publish format-standard has-post-thumbnail hentry category-uncategorized\">\n\t\t\t<a class=\"elementor-post__thumbnail__link\" href=\"https:\/\/jokic-design.com\/en\/studio-hamburg-2\">\n\t\t\t\t<div class=\"elementor-portfolio-item__img elementor-post__thumbnail\">\n\t\t\t<img decoding=\"async\" width=\"2560\" height=\"1707\" src=\"https:\/\/jokic-design.com\/wp-content\/uploads\/2022\/02\/IMG_0216-1-scaled.jpg\" class=\"attachment-full size-full wp-image-1514\" alt=\"\" srcset=\"https:\/\/jokic-design.com\/wp-content\/uploads\/2022\/02\/IMG_0216-1-scaled.jpg 2560w, https:\/\/jokic-design.com\/wp-content\/uploads\/2022\/02\/IMG_0216-1-300x200.jpg 300w, https:\/\/jokic-design.com\/wp-content\/uploads\/2022\/02\/IMG_0216-1-1024x683.jpg 1024w, https:\/\/jokic-design.com\/wp-content\/uploads\/2022\/02\/IMG_0216-1-768x512.jpg 768w, https:\/\/jokic-design.com\/wp-content\/uploads\/2022\/02\/IMG_0216-1-1536x1024.jpg 1536w, https:\/\/jokic-design.com\/wp-content\/uploads\/2022\/02\/IMG_0216-1-2048x1365.jpg 2048w, https:\/\/jokic-design.com\/wp-content\/uploads\/2022\/02\/IMG_0216-1-1568x1045.jpg 1568w\" sizes=\"(max-width: 2560px) 100vw, 2560px\" \/>\t\t<\/div>\n\t\t\t\t<div class=\"elementor-portfolio-item__overlay\">\n\t\t\t\t<h3 class=\"elementor-portfolio-item__title\">\n\t\tStudio Hamburg\t\t<\/h3>\n\t\t\t\t<\/div>\n\t\t\t\t<\/a>\n\t\t<\/article>\n\t\t\t\t<article class=\"elementor-portfolio-item elementor-post  post-1734 post type-post status-publish format-standard has-post-thumbnail hentry category-uncategorized\">\n\t\t\t<a class=\"elementor-post__thumbnail__link\" href=\"https:\/\/jokic-design.com\/en\/deutsche-welle-dw-transtel\">\n\t\t\t\t<div class=\"elementor-portfolio-item__img elementor-post__thumbnail\">\n\t\t\t<img loading=\"lazy\" decoding=\"async\" width=\"842\" height=\"561\" src=\"https:\/\/jokic-design.com\/wp-content\/uploads\/2021\/08\/MIPTV2022-Deutsche-Welle02.jpg\" class=\"attachment-full size-full wp-image-1728\" alt=\"\" srcset=\"https:\/\/jokic-design.com\/wp-content\/uploads\/2021\/08\/MIPTV2022-Deutsche-Welle02.jpg 842w, https:\/\/jokic-design.com\/wp-content\/uploads\/2021\/08\/MIPTV2022-Deutsche-Welle02-300x200.jpg 300w, https:\/\/jokic-design.com\/wp-content\/uploads\/2021\/08\/MIPTV2022-Deutsche-Welle02-768x512.jpg 768w\" sizes=\"(max-width: 842px) 100vw, 842px\" \/>\t\t<\/div>\n\t\t\t\t<div class=\"elementor-portfolio-item__overlay\">\n\t\t\t\t<h3 class=\"elementor-portfolio-item__title\">\n\t\tDeutsche Welle &#8211; DW Transtel\t\t<\/h3>\n\t\t\t\t<\/div>\n\t\t\t\t<\/a>\n\t\t<\/article>\n\t\t\t\t<article class=\"elementor-portfolio-item elementor-post  post-1666 post type-post status-publish format-standard has-post-thumbnail hentry category-uncategorized\">\n\t\t\t<a class=\"elementor-post__thumbnail__link\" href=\"https:\/\/jokic-design.com\/en\/global-screen-a-telepool-brand\">\n\t\t\t\t<div class=\"elementor-portfolio-item__img elementor-post__thumbnail\">\n\t\t\t<img loading=\"lazy\" decoding=\"async\" width=\"842\" height=\"561\" src=\"https:\/\/jokic-design.com\/wp-content\/uploads\/2022\/04\/MIPTV2022-GlobalScreen01.jpg\" class=\"attachment-full size-full wp-image-1668\" alt=\"\" srcset=\"https:\/\/jokic-design.com\/wp-content\/uploads\/2022\/04\/MIPTV2022-GlobalScreen01.jpg 842w, https:\/\/jokic-design.com\/wp-content\/uploads\/2022\/04\/MIPTV2022-GlobalScreen01-300x200.jpg 300w, https:\/\/jokic-design.com\/wp-content\/uploads\/2022\/04\/MIPTV2022-GlobalScreen01-768x512.jpg 768w\" sizes=\"(max-width: 842px) 100vw, 842px\" \/>\t\t<\/div>\n\t\t\t\t<div class=\"elementor-portfolio-item__overlay\">\n\t\t\t\t<h3 class=\"elementor-portfolio-item__title\">\n\t\tGlobal Screen &#8211; A Telepool Brand\t\t<\/h3>\n\t\t\t\t<\/div>\n\t\t\t\t<\/a>\n\t\t<\/article>\n\t\t\t\t<article class=\"elementor-portfolio-item elementor-post  post-1374 post type-post status-publish format-standard has-post-thumbnail hentry category-uncategorized\">\n\t\t\t<a class=\"elementor-post__thumbnail__link\" href=\"https:\/\/jokic-design.com\/en\/zdf-studios\">\n\t\t\t\t<div class=\"elementor-portfolio-item__img elementor-post__thumbnail\">\n\t\t\t<img loading=\"lazy\" decoding=\"async\" width=\"842\" height=\"561\" src=\"https:\/\/jokic-design.com\/wp-content\/uploads\/2022\/04\/MIPTV2022-ZDF05.jpg\" class=\"attachment-full size-full wp-image-1633\" alt=\"\" srcset=\"https:\/\/jokic-design.com\/wp-content\/uploads\/2022\/04\/MIPTV2022-ZDF05.jpg 842w, https:\/\/jokic-design.com\/wp-content\/uploads\/2022\/04\/MIPTV2022-ZDF05-300x200.jpg 300w, https:\/\/jokic-design.com\/wp-content\/uploads\/2022\/04\/MIPTV2022-ZDF05-768x512.jpg 768w\" sizes=\"(max-width: 842px) 100vw, 842px\" \/>\t\t<\/div>\n\t\t\t\t<div class=\"elementor-portfolio-item__overlay\">\n\t\t\t\t<h3 class=\"elementor-portfolio-item__title\">\n\t\tZDF Studios\t\t<\/h3>\n\t\t\t\t<\/div>\n\t\t\t\t<\/a>\n\t\t<\/article>\n\t\t\t\t<\/div>\n\t\t\t\t\t\t<\/div>\n\t\t\t\t<\/div>\n\t\t\t\t\t<\/div>\n\t\t<\/div>\n\t\t\t\t\t<\/div>\n\t\t<\/section>\n\t\t\t\t<section class=\"elementor-section elementor-top-section elementor-element elementor-element-c03bda9 elementor-section-full_width elementor-section-height-default elementor-section-height-default\" data-id=\"c03bda9\" data-element_type=\"section\" data-e-type=\"section\">\n\t\t\t\t\t\t<div class=\"elementor-container elementor-column-gap-default\">\n\t\t\t\t\t<div class=\"elementor-column elementor-col-100 elementor-top-column elementor-element elementor-element-4ae07019\" data-id=\"4ae07019\" data-element_type=\"column\" data-e-type=\"column\">\n\t\t\t<div class=\"elementor-widget-wrap\">\n\t\t\t\t\t\t\t<\/div>\n\t\t<\/div>\n\t\t\t\t\t<\/div>\n\t\t<\/section>\n\t\t\t\t<\/div>\n\t\t","protected":false},"excerpt":{"rendered":"<p>\u00dcBER UNS Im Jahre 1986 legten wir den Grundstein f\u00fcr unser Unternehmen und etablierten uns als Konstrukteure auf nationalen und internationalen Messen.\u00a0 \u00a0 Der zunehmende Zeitdruck, dem sich unsere Kunden ausgesetzt sahen, veranlasste uns zus\u00e4tzliche Aufgaben zu \u00fcbernehmen, die wir im Laufe der Jahre so weit ausgebaut haben, dass jokic-design inzwischen ein Dienstleistungsunternehmen rund um [&hellip;]<\/p>\n","protected":false},"author":1,"featured_media":0,"parent":0,"menu_order":0,"comment_status":"closed","ping_status":"closed","template":"elementor_header_footer","meta":{"inline_featured_image":false,"footnotes":""},"class_list":["post-6","page","type-page","status-publish","hentry"],"_links":{"self":[{"href":"https:\/\/jokic-design.com\/en\/wp-json\/wp\/v2\/pages\/6","targetHints":{"allow":["GET"]}}],"collection":[{"href":"https:\/\/jokic-design.com\/en\/wp-json\/wp\/v2\/pages"}],"about":[{"href":"https:\/\/jokic-design.com\/en\/wp-json\/wp\/v2\/types\/page"}],"author":[{"embeddable":true,"href":"https:\/\/jokic-design.com\/en\/wp-json\/wp\/v2\/users\/1"}],"replies":[{"embeddable":true,"href":"https:\/\/jokic-design.com\/en\/wp-json\/wp\/v2\/comments?post=6"}],"version-history":[{"count":15,"href":"https:\/\/jokic-design.com\/en\/wp-json\/wp\/v2\/pages\/6\/revisions"}],"predecessor-version":[{"id":860,"href":"https:\/\/jokic-design.com\/en\/wp-json\/wp\/v2\/pages\/6\/revisions\/860"}],"wp:attachment":[{"href":"https:\/\/jokic-design.com\/en\/wp-json\/wp\/v2\/media?parent=6"}],"curies":[{"name":"wp","href":"https:\/\/api.w.org\/{rel}","templated":true}]}}