{"id":577,"date":"2021-08-07T01:20:21","date_gmt":"2021-08-07T01:20:21","guid":{"rendered":"http:\/\/neu.jokic-design.com\/?page_id=577"},"modified":"2021-08-11T19:07:40","modified_gmt":"2021-08-11T19:07:40","slug":"projekte","status":"publish","type":"page","link":"https:\/\/jokic-design.com\/en\/projekte","title":{"rendered":"Projects"},"content":{"rendered":"\t\t<div data-elementor-type=\"wp-page\" data-elementor-id=\"577\" class=\"elementor elementor-577\">\n\t\t\t\t\t\t<section class=\"elementor-section elementor-top-section elementor-element elementor-element-2f13c371 elementor-section-full_width elementor-section-height-default elementor-section-height-default\" data-id=\"2f13c371\" data-element_type=\"section\" data-e-type=\"section\">\n\t\t\t\t\t\t<div class=\"elementor-container elementor-column-gap-default\">\n\t\t\t\t\t<div class=\"elementor-column elementor-col-50 elementor-top-column elementor-element elementor-element-498753e2\" data-id=\"498753e2\" data-element_type=\"column\" data-e-type=\"column\">\n\t\t\t<div class=\"elementor-widget-wrap elementor-element-populated\">\n\t\t\t\t\t\t<div class=\"elementor-element elementor-element-2d853c84 elementor-widget elementor-widget-heading\" data-id=\"2d853c84\" data-element_type=\"widget\" data-e-type=\"widget\" data-widget_type=\"heading.default\">\n\t\t\t\t<div class=\"elementor-widget-container\">\n\t\t\t\t\t<h1 class=\"elementor-heading-title elementor-size-default\">Creative solutions <b> with a twist<\/b><\/h1>\t\t\t\t<\/div>\n\t\t\t\t<\/div>\n\t\t\t\t\t<\/div>\n\t\t<\/div>\n\t\t\t\t<div class=\"elementor-column elementor-col-50 elementor-top-column elementor-element elementor-element-2441c019\" data-id=\"2441c019\" data-element_type=\"column\" data-e-type=\"column\">\n\t\t\t<div class=\"elementor-widget-wrap elementor-element-populated\">\n\t\t\t\t\t\t<div class=\"elementor-element elementor-element-3ac114d4 elementor-widget elementor-widget-text-editor\" data-id=\"3ac114d4\" data-element_type=\"widget\" data-e-type=\"widget\" data-widget_type=\"text-editor.default\">\n\t\t\t\t<div class=\"elementor-widget-container\">\n\t\t\t\t\t\t\t\t\t<p>Die Vorbereitungen f\u00fcr eine Messe sind umfangreich, wenn Sie auf der Suche nach einem Unternehmen sind, das f\u00fcr Sie den idealen Messestand f\u00fcr Ihren n\u00e4chste Messe konzipiert und realisiert, sind wir Ihr kompetenter Ansprechpartner und stehen Ihnen als professioneller Berater und ausf\u00fchrende Kraft im Bereich Messebau zur Verf\u00fcgung.<\/p>\t\t\t\t\t\t\t\t<\/div>\n\t\t\t\t<\/div>\n\t\t\t\t\t<\/div>\n\t\t<\/div>\n\t\t\t\t\t<\/div>\n\t\t<\/section>\n\t\t\t\t<section class=\"elementor-section elementor-top-section elementor-element elementor-element-59681903 elementor-section-full_width elementor-section-height-default elementor-section-height-default\" data-id=\"59681903\" data-element_type=\"section\" data-e-type=\"section\">\n\t\t\t\t\t\t<div class=\"elementor-container elementor-column-gap-default\">\n\t\t\t\t\t<div class=\"elementor-column elementor-col-100 elementor-top-column elementor-element elementor-element-1daa5bdb\" data-id=\"1daa5bdb\" data-element_type=\"column\" data-e-type=\"column\" data-settings=\"{&quot;motion_fx_motion_fx_scrolling&quot;:&quot;yes&quot;,&quot;motion_fx_translateX_effect&quot;:&quot;yes&quot;,&quot;motion_fx_translateX_speed&quot;:{&quot;unit&quot;:&quot;px&quot;,&quot;size&quot;:&quot;1&quot;,&quot;sizes&quot;:[]},&quot;motion_fx_translateX_affectedRange&quot;:{&quot;unit&quot;:&quot;%&quot;,&quot;size&quot;:&quot;&quot;,&quot;sizes&quot;:{&quot;start&quot;:&quot;0&quot;,&quot;end&quot;:&quot;50&quot;}},&quot;motion_fx_devices&quot;:[&quot;desktop&quot;,&quot;tablet&quot;]}\">\n\t\t\t<div class=\"elementor-widget-wrap elementor-element-populated\">\n\t\t\t\t\t\t<div class=\"elementor-element elementor-element-256714f elementor-widget elementor-widget-spacer\" data-id=\"256714f\" data-element_type=\"widget\" data-e-type=\"widget\" data-widget_type=\"spacer.default\">\n\t\t\t\t<div class=\"elementor-widget-container\">\n\t\t\t\t\t\t\t<div class=\"elementor-spacer\">\n\t\t\t<div class=\"elementor-spacer-inner\"><\/div>\n\t\t<\/div>\n\t\t\t\t\t\t<\/div>\n\t\t\t\t<\/div>\n\t\t\t\t<div class=\"elementor-element elementor-element-55b45a1e elementor-widget-divider--view-line_text elementor-widget-divider--element-align-left elementor-widget elementor-widget-divider\" data-id=\"55b45a1e\" data-element_type=\"widget\" data-e-type=\"widget\" data-widget_type=\"divider.default\">\n\t\t\t\t<div class=\"elementor-widget-container\">\n\t\t\t\t\t\t\t<div class=\"elementor-divider\">\n\t\t\t<span class=\"elementor-divider-separator\">\n\t\t\t\t\t\t\t<span class=\"elementor-divider__text elementor-divider__element\">\n\t\t\t\tUnsere <b>PROJEKTE<\/b>\t\t\t\t<\/span>\n\t\t\t\t\t\t<\/span>\n\t\t<\/div>\n\t\t\t\t\t\t<\/div>\n\t\t\t\t<\/div>\n\t\t\t\t\t<\/div>\n\t\t<\/div>\n\t\t\t\t\t<\/div>\n\t\t<\/section>\n\t\t\t\t<section class=\"elementor-section elementor-top-section elementor-element elementor-element-7c607422 elementor-section-full_width elementor-section-height-default elementor-section-height-default\" data-id=\"7c607422\" data-element_type=\"section\" data-e-type=\"section\">\n\t\t\t\t\t\t<div class=\"elementor-container elementor-column-gap-default\">\n\t\t\t\t\t<div class=\"elementor-column elementor-col-100 elementor-top-column elementor-element elementor-element-1e134a7f\" data-id=\"1e134a7f\" data-element_type=\"column\" data-e-type=\"column\">\n\t\t\t<div class=\"elementor-widget-wrap elementor-element-populated\">\n\t\t\t\t\t\t<div class=\"elementor-element elementor-element-21098915 elementor-grid-2 elementor-grid-tablet-2 elementor-grid-mobile-1 elementor-posts--thumbnail-top elementor-widget elementor-widget-posts\" data-id=\"21098915\" data-element_type=\"widget\" data-e-type=\"widget\" data-settings=\"{&quot;classic_columns&quot;:&quot;2&quot;,&quot;classic_row_gap&quot;:{&quot;unit&quot;:&quot;px&quot;,&quot;size&quot;:&quot;50&quot;,&quot;sizes&quot;:[]},&quot;classic_columns_tablet&quot;:&quot;2&quot;,&quot;classic_columns_mobile&quot;:&quot;1&quot;}\" data-widget_type=\"posts.classic\">\n\t\t\t\t<div class=\"elementor-widget-container\">\n\t\t\t\t\t\t\t<div class=\"elementor-posts-container elementor-posts elementor-posts--skin-classic elementor-grid\">\n\t\t\t\t<article class=\"elementor-post elementor-grid-item post-1818 post type-post status-publish format-standard has-post-thumbnail hentry category-uncategorized\">\n\t\t\t\t<a class=\"elementor-post__thumbnail__link\" href=\"https:\/\/jokic-design.com\/en\/mueller-opladen-lazzari\" >\n\t\t\t<div class=\"elementor-post__thumbnail\"><img fetchpriority=\"high\" decoding=\"async\" width=\"2142\" height=\"2560\" src=\"https:\/\/jokic-design.com\/wp-content\/uploads\/2022\/08\/6-scaled.jpg\" class=\"attachment-full size-full wp-image-1837\" alt=\"\" srcset=\"https:\/\/jokic-design.com\/wp-content\/uploads\/2022\/08\/6-scaled.jpg 2142w, https:\/\/jokic-design.com\/wp-content\/uploads\/2022\/08\/6-251x300.jpg 251w, https:\/\/jokic-design.com\/wp-content\/uploads\/2022\/08\/6-857x1024.jpg 857w, https:\/\/jokic-design.com\/wp-content\/uploads\/2022\/08\/6-768x918.jpg 768w, https:\/\/jokic-design.com\/wp-content\/uploads\/2022\/08\/6-1285x1536.jpg 1285w, https:\/\/jokic-design.com\/wp-content\/uploads\/2022\/08\/6-1713x2048.jpg 1713w\" sizes=\"(max-width: 2142px) 100vw, 2142px\" \/><\/div>\n\t\t<\/a>\n\t\t\t\t<div class=\"elementor-post__text\">\n\t\t\t\t<h3 class=\"elementor-post__title\">\n\t\t\t<a href=\"https:\/\/jokic-design.com\/en\/mueller-opladen-lazzari\" >\n\t\t\t\tM\u00fcller Opladen Lazzari\t\t\t<\/a>\n\t\t<\/h3>\n\t\t\t\t<\/div>\n\t\t\t\t<\/article>\n\t\t\t\t<article class=\"elementor-post elementor-grid-item post-1766 post type-post status-publish format-standard has-post-thumbnail hentry category-uncategorized\">\n\t\t\t\t<a class=\"elementor-post__thumbnail__link\" href=\"https:\/\/jokic-design.com\/en\/orf-enterprises-film-austria-2\" >\n\t\t\t<div class=\"elementor-post__thumbnail\"><img decoding=\"async\" width=\"842\" height=\"561\" src=\"https:\/\/jokic-design.com\/wp-content\/uploads\/2022\/08\/MIPTV2022-ORF02.jpg\" class=\"attachment-full size-full wp-image-1768\" alt=\"\" srcset=\"https:\/\/jokic-design.com\/wp-content\/uploads\/2022\/08\/MIPTV2022-ORF02.jpg 842w, https:\/\/jokic-design.com\/wp-content\/uploads\/2022\/08\/MIPTV2022-ORF02-300x200.jpg 300w, https:\/\/jokic-design.com\/wp-content\/uploads\/2022\/08\/MIPTV2022-ORF02-768x512.jpg 768w\" sizes=\"(max-width: 842px) 100vw, 842px\" \/><\/div>\n\t\t<\/a>\n\t\t\t\t<div class=\"elementor-post__text\">\n\t\t\t\t<h3 class=\"elementor-post__title\">\n\t\t\t<a href=\"https:\/\/jokic-design.com\/en\/orf-enterprises-film-austria-2\" >\n\t\t\t\tORF &#8211; Enterprise \/ Film Austria\t\t\t<\/a>\n\t\t<\/h3>\n\t\t\t\t<\/div>\n\t\t\t\t<\/article>\n\t\t\t\t<article class=\"elementor-post elementor-grid-item post-1754 post type-post status-publish format-standard has-post-thumbnail hentry category-uncategorized\">\n\t\t\t\t<a class=\"elementor-post__thumbnail__link\" href=\"https:\/\/jokic-design.com\/en\/studio-hamburg-2\" >\n\t\t\t<div class=\"elementor-post__thumbnail\"><img decoding=\"async\" width=\"2560\" height=\"1707\" src=\"https:\/\/jokic-design.com\/wp-content\/uploads\/2022\/02\/IMG_0216-1-scaled.jpg\" class=\"attachment-full size-full wp-image-1514\" alt=\"\" srcset=\"https:\/\/jokic-design.com\/wp-content\/uploads\/2022\/02\/IMG_0216-1-scaled.jpg 2560w, https:\/\/jokic-design.com\/wp-content\/uploads\/2022\/02\/IMG_0216-1-300x200.jpg 300w, https:\/\/jokic-design.com\/wp-content\/uploads\/2022\/02\/IMG_0216-1-1024x683.jpg 1024w, https:\/\/jokic-design.com\/wp-content\/uploads\/2022\/02\/IMG_0216-1-768x512.jpg 768w, https:\/\/jokic-design.com\/wp-content\/uploads\/2022\/02\/IMG_0216-1-1536x1024.jpg 1536w, https:\/\/jokic-design.com\/wp-content\/uploads\/2022\/02\/IMG_0216-1-2048x1365.jpg 2048w, https:\/\/jokic-design.com\/wp-content\/uploads\/2022\/02\/IMG_0216-1-1568x1045.jpg 1568w\" sizes=\"(max-width: 2560px) 100vw, 2560px\" \/><\/div>\n\t\t<\/a>\n\t\t\t\t<div class=\"elementor-post__text\">\n\t\t\t\t<h3 class=\"elementor-post__title\">\n\t\t\t<a href=\"https:\/\/jokic-design.com\/en\/studio-hamburg-2\" >\n\t\t\t\tStudio Hamburg\t\t\t<\/a>\n\t\t<\/h3>\n\t\t\t\t<\/div>\n\t\t\t\t<\/article>\n\t\t\t\t<article class=\"elementor-post elementor-grid-item post-1734 post type-post status-publish format-standard has-post-thumbnail hentry category-uncategorized\">\n\t\t\t\t<a class=\"elementor-post__thumbnail__link\" href=\"https:\/\/jokic-design.com\/en\/deutsche-welle-dw-transtel\" >\n\t\t\t<div class=\"elementor-post__thumbnail\"><img loading=\"lazy\" decoding=\"async\" width=\"842\" height=\"561\" src=\"https:\/\/jokic-design.com\/wp-content\/uploads\/2021\/08\/MIPTV2022-Deutsche-Welle02.jpg\" class=\"attachment-full size-full wp-image-1728\" alt=\"\" srcset=\"https:\/\/jokic-design.com\/wp-content\/uploads\/2021\/08\/MIPTV2022-Deutsche-Welle02.jpg 842w, https:\/\/jokic-design.com\/wp-content\/uploads\/2021\/08\/MIPTV2022-Deutsche-Welle02-300x200.jpg 300w, https:\/\/jokic-design.com\/wp-content\/uploads\/2021\/08\/MIPTV2022-Deutsche-Welle02-768x512.jpg 768w\" sizes=\"(max-width: 842px) 100vw, 842px\" \/><\/div>\n\t\t<\/a>\n\t\t\t\t<div class=\"elementor-post__text\">\n\t\t\t\t<h3 class=\"elementor-post__title\">\n\t\t\t<a href=\"https:\/\/jokic-design.com\/en\/deutsche-welle-dw-transtel\" >\n\t\t\t\tDeutsche Welle &#8211; DW Transtel\t\t\t<\/a>\n\t\t<\/h3>\n\t\t\t\t<\/div>\n\t\t\t\t<\/article>\n\t\t\t\t<article class=\"elementor-post elementor-grid-item post-1666 post type-post status-publish format-standard has-post-thumbnail hentry category-uncategorized\">\n\t\t\t\t<a class=\"elementor-post__thumbnail__link\" href=\"https:\/\/jokic-design.com\/en\/global-screen-a-telepool-brand\" >\n\t\t\t<div class=\"elementor-post__thumbnail\"><img loading=\"lazy\" decoding=\"async\" width=\"842\" height=\"561\" src=\"https:\/\/jokic-design.com\/wp-content\/uploads\/2022\/04\/MIPTV2022-GlobalScreen01.jpg\" class=\"attachment-full size-full wp-image-1668\" alt=\"\" srcset=\"https:\/\/jokic-design.com\/wp-content\/uploads\/2022\/04\/MIPTV2022-GlobalScreen01.jpg 842w, https:\/\/jokic-design.com\/wp-content\/uploads\/2022\/04\/MIPTV2022-GlobalScreen01-300x200.jpg 300w, https:\/\/jokic-design.com\/wp-content\/uploads\/2022\/04\/MIPTV2022-GlobalScreen01-768x512.jpg 768w\" sizes=\"(max-width: 842px) 100vw, 842px\" \/><\/div>\n\t\t<\/a>\n\t\t\t\t<div class=\"elementor-post__text\">\n\t\t\t\t<h3 class=\"elementor-post__title\">\n\t\t\t<a href=\"https:\/\/jokic-design.com\/en\/global-screen-a-telepool-brand\" >\n\t\t\t\tGlobal Screen &#8211; A Telepool Brand\t\t\t<\/a>\n\t\t<\/h3>\n\t\t\t\t<\/div>\n\t\t\t\t<\/article>\n\t\t\t\t<article class=\"elementor-post elementor-grid-item post-1374 post type-post status-publish format-standard has-post-thumbnail hentry category-uncategorized\">\n\t\t\t\t<a class=\"elementor-post__thumbnail__link\" href=\"https:\/\/jokic-design.com\/en\/zdf-studios\" >\n\t\t\t<div class=\"elementor-post__thumbnail\"><img loading=\"lazy\" decoding=\"async\" width=\"842\" height=\"561\" src=\"https:\/\/jokic-design.com\/wp-content\/uploads\/2022\/04\/MIPTV2022-ZDF05.jpg\" class=\"attachment-full size-full wp-image-1633\" alt=\"\" srcset=\"https:\/\/jokic-design.com\/wp-content\/uploads\/2022\/04\/MIPTV2022-ZDF05.jpg 842w, https:\/\/jokic-design.com\/wp-content\/uploads\/2022\/04\/MIPTV2022-ZDF05-300x200.jpg 300w, https:\/\/jokic-design.com\/wp-content\/uploads\/2022\/04\/MIPTV2022-ZDF05-768x512.jpg 768w\" sizes=\"(max-width: 842px) 100vw, 842px\" \/><\/div>\n\t\t<\/a>\n\t\t\t\t<div class=\"elementor-post__text\">\n\t\t\t\t<h3 class=\"elementor-post__title\">\n\t\t\t<a href=\"https:\/\/jokic-design.com\/en\/zdf-studios\" >\n\t\t\t\tZDF Studios\t\t\t<\/a>\n\t\t<\/h3>\n\t\t\t\t<\/div>\n\t\t\t\t<\/article>\n\t\t\t\t<article class=\"elementor-post elementor-grid-item post-1333 post type-post status-publish format-standard has-post-thumbnail hentry category-uncategorized\">\n\t\t\t\t<a class=\"elementor-post__thumbnail__link\" href=\"https:\/\/jokic-design.com\/en\/empira-ag\" >\n\t\t\t<div class=\"elementor-post__thumbnail\"><img loading=\"lazy\" decoding=\"async\" width=\"2560\" height=\"1792\" src=\"https:\/\/jokic-design.com\/wp-content\/uploads\/2022\/02\/1_PGL0769-1-scaled.jpg\" class=\"attachment-full size-full wp-image-1335\" alt=\"\" srcset=\"https:\/\/jokic-design.com\/wp-content\/uploads\/2022\/02\/1_PGL0769-1-scaled.jpg 2560w, https:\/\/jokic-design.com\/wp-content\/uploads\/2022\/02\/1_PGL0769-1-300x210.jpg 300w, https:\/\/jokic-design.com\/wp-content\/uploads\/2022\/02\/1_PGL0769-1-1024x717.jpg 1024w, https:\/\/jokic-design.com\/wp-content\/uploads\/2022\/02\/1_PGL0769-1-768x538.jpg 768w, https:\/\/jokic-design.com\/wp-content\/uploads\/2022\/02\/1_PGL0769-1-1536x1075.jpg 1536w, https:\/\/jokic-design.com\/wp-content\/uploads\/2022\/02\/1_PGL0769-1-2048x1434.jpg 2048w, https:\/\/jokic-design.com\/wp-content\/uploads\/2022\/02\/1_PGL0769-1-1568x1098.jpg 1568w\" sizes=\"(max-width: 2560px) 100vw, 2560px\" \/><\/div>\n\t\t<\/a>\n\t\t\t\t<div class=\"elementor-post__text\">\n\t\t\t\t<h3 class=\"elementor-post__title\">\n\t\t\t<a href=\"https:\/\/jokic-design.com\/en\/empira-ag\" >\n\t\t\t\tEMPIRA AG\t\t\t<\/a>\n\t\t<\/h3>\n\t\t\t\t<\/div>\n\t\t\t\t<\/article>\n\t\t\t\t<article class=\"elementor-post elementor-grid-item post-1291 post type-post status-publish format-standard has-post-thumbnail hentry category-uncategorized\">\n\t\t\t\t<a class=\"elementor-post__thumbnail__link\" href=\"https:\/\/jokic-design.com\/en\/steinberg-gmbh\" >\n\t\t\t<div class=\"elementor-post__thumbnail\"><img loading=\"lazy\" decoding=\"async\" width=\"2560\" height=\"1707\" src=\"https:\/\/jokic-design.com\/wp-content\/uploads\/2022\/02\/STEINBERG.JOKIC-DESIGN-9-1-scaled.jpg\" class=\"attachment-full size-full wp-image-1293\" alt=\"\" srcset=\"https:\/\/jokic-design.com\/wp-content\/uploads\/2022\/02\/STEINBERG.JOKIC-DESIGN-9-1-scaled.jpg 2560w, https:\/\/jokic-design.com\/wp-content\/uploads\/2022\/02\/STEINBERG.JOKIC-DESIGN-9-1-300x200.jpg 300w, https:\/\/jokic-design.com\/wp-content\/uploads\/2022\/02\/STEINBERG.JOKIC-DESIGN-9-1-1024x683.jpg 1024w, https:\/\/jokic-design.com\/wp-content\/uploads\/2022\/02\/STEINBERG.JOKIC-DESIGN-9-1-768x512.jpg 768w, https:\/\/jokic-design.com\/wp-content\/uploads\/2022\/02\/STEINBERG.JOKIC-DESIGN-9-1-1536x1024.jpg 1536w, https:\/\/jokic-design.com\/wp-content\/uploads\/2022\/02\/STEINBERG.JOKIC-DESIGN-9-1-2048x1365.jpg 2048w, https:\/\/jokic-design.com\/wp-content\/uploads\/2022\/02\/STEINBERG.JOKIC-DESIGN-9-1-1568x1045.jpg 1568w\" sizes=\"(max-width: 2560px) 100vw, 2560px\" \/><\/div>\n\t\t<\/a>\n\t\t\t\t<div class=\"elementor-post__text\">\n\t\t\t\t<h3 class=\"elementor-post__title\">\n\t\t\t<a href=\"https:\/\/jokic-design.com\/en\/steinberg-gmbh\" >\n\t\t\t\tSteinberg GmbH\t\t\t<\/a>\n\t\t<\/h3>\n\t\t\t\t<\/div>\n\t\t\t\t<\/article>\n\t\t\t\t<\/div>\n\n\n\t\t\n\t\t\t\t\t\t<\/div>\n\t\t\t\t<\/div>\n\t\t\t\t\t<\/div>\n\t\t<\/div>\n\t\t\t\t\t<\/div>\n\t\t<\/section>\n\t\t\t\t<\/div>\n\t\t","protected":false},"excerpt":{"rendered":"<p>Creative solutions with a twist Die Vorbereitungen f\u00fcr eine Messe sind umfangreich, wenn Sie auf der Suche nach einem Unternehmen sind, das f\u00fcr Sie den<\/p>","protected":false},"author":1,"featured_media":0,"parent":0,"menu_order":0,"comment_status":"closed","ping_status":"closed","template":"elementor_header_footer","meta":{"inline_featured_image":false,"footnotes":""},"class_list":["post-577","page","type-page","status-publish","hentry"],"_links":{"self":[{"href":"https:\/\/jokic-design.com\/en\/wp-json\/wp\/v2\/pages\/577","targetHints":{"allow":["GET"]}}],"collection":[{"href":"https:\/\/jokic-design.com\/en\/wp-json\/wp\/v2\/pages"}],"about":[{"href":"https:\/\/jokic-design.com\/en\/wp-json\/wp\/v2\/types\/page"}],"author":[{"embeddable":true,"href":"https:\/\/jokic-design.com\/en\/wp-json\/wp\/v2\/users\/1"}],"replies":[{"embeddable":true,"href":"https:\/\/jokic-design.com\/en\/wp-json\/wp\/v2\/comments?post=577"}],"version-history":[{"count":13,"href":"https:\/\/jokic-design.com\/en\/wp-json\/wp\/v2\/pages\/577\/revisions"}],"predecessor-version":[{"id":878,"href":"https:\/\/jokic-design.com\/en\/wp-json\/wp\/v2\/pages\/577\/revisions\/878"}],"wp:attachment":[{"href":"https:\/\/jokic-design.com\/en\/wp-json\/wp\/v2\/media?parent=577"}],"curies":[{"name":"wp","href":"https:\/\/api.w.org\/{rel}","templated":true}]}}